{"id":19,"date":"2026-03-04T06:34:18","date_gmt":"2026-03-04T06:34:18","guid":{"rendered":"https:\/\/dadgostar.geekworkers.dev\/?page_id=19"},"modified":"2026-04-21T07:40:28","modified_gmt":"2026-04-21T07:40:28","slug":"remboursements_retours","status":"publish","type":"page","link":"https:\/\/leila-design.com\/en\/remboursements_retours\/","title":{"rendered":"Refunds and returns policy"},"content":{"rendered":"\t\t<div data-elementor-type=\"wp-page\" data-elementor-id=\"19\" class=\"elementor elementor-19\" data-elementor-post-type=\"page\">\n\t\t\t\t<div class=\"elementor-element elementor-element-1d40702b e-flex e-con-boxed e-con e-parent\" data-id=\"1d40702b\" data-element_type=\"container\" data-e-type=\"container\" data-settings=\"{&quot;jet_parallax_layout_list&quot;:[]}\">\n\t\t\t\t\t<div class=\"e-con-inner\">\n\t\t\t\t<div class=\"elementor-element elementor-element-a28098a elementor-widget elementor-widget-heading\" data-id=\"a28098a\" data-element_type=\"widget\" data-e-type=\"widget\" data-widget_type=\"heading.default\">\n\t\t\t\t\t<h2 class=\"elementor-heading-title elementor-size-default\">Politique en mati\u00e8re de remboursements et de retours<\/h2>\t\t\t\t<\/div>\n\t\t\t\t<div class=\"elementor-element elementor-element-3e0e5572 elementor-widget elementor-widget-text-editor\" data-id=\"3e0e5572\" data-element_type=\"widget\" data-e-type=\"widget\" data-widget_type=\"text-editor.default\">\n\t\t\t\t\t\t\t\t\t\n<p data-path-to-node=\"3\"><b data-path-to-node=\"3\" data-index-in-node=\"0\">Derni\u00e8re mise \u00e0 jour : 16\/04\/2026<\/b><\/p>\n<p data-path-to-node=\"4\">Chez <b data-path-to-node=\"4\" data-index-in-node=\"5\">leila-design.com<\/b>, nous souhaitons que vous soyez enti\u00e8rement satisfait de vos achats. Si ce n&rsquo;est pas le cas, nous sommes l\u00e0 pour vous aider \u00e0 r\u00e9soudre le probl\u00e8me.<\/p>\n<hr data-path-to-node=\"5\" \/>\n<h3 data-path-to-node=\"6\">1. Retours (Droit de r\u00e9tractation)<\/h3>\n<p data-path-to-node=\"7\">Conform\u00e9ment \u00e0 la l\u00e9gislation en vigueur, vous disposez d&rsquo;un d\u00e9lai de <b data-path-to-node=\"7\" data-index-in-node=\"70\">14 jours<\/b> apr\u00e8s la r\u00e9ception de votre commande pour nous informer de votre intention de retourner un produit.<\/p>\n<ul data-path-to-node=\"8\">\n<li>\n<p data-path-to-node=\"8,0,0\"><b data-path-to-node=\"8,0,0\" data-index-in-node=\"0\">\u00c9tat du produit :<\/b> Pour \u00eatre \u00e9ligible \u00e0 un retour, votre article doit \u00eatre inutilis\u00e9, dans le m\u00eame \u00e9tat o\u00f9 vous l&rsquo;avez re\u00e7u, et dans son emballage d&rsquo;origine.<\/p>\n<\/li>\n<li>\n<p data-path-to-node=\"8,1,0\"><b data-path-to-node=\"8,1,0\" data-index-in-node=\"0\">Preuve d&rsquo;achat :<\/b> Un re\u00e7u ou une preuve d&rsquo;achat est n\u00e9cessaire pour valider le retour.<\/p>\n<\/li>\n<\/ul>\n<h3 data-path-to-node=\"9\">2. Exceptions et articles non retournables<\/h3>\n<p data-path-to-node=\"10\">Certains types d&rsquo;articles ne peuvent pas \u00eatre retourn\u00e9s :<\/p>\n<ul data-path-to-node=\"11\">\n<li>\n<p data-path-to-node=\"11,0,0\"><b data-path-to-node=\"11,0,0\" data-index-in-node=\"0\">Produits personnalis\u00e9s ou sur mesure :<\/b> Tout article fabriqu\u00e9 selon vos sp\u00e9cifications (gravures, designs uniques, dimensions sp\u00e9cifiques) ne peut \u00eatre ni repris ni \u00e9chang\u00e9, sauf en cas de d\u00e9faut de fabrication.<\/p>\n<\/li>\n<li>\n<p data-path-to-node=\"11,1,0\"><b data-path-to-node=\"11,1,0\" data-index-in-node=\"0\">Articles en promotion :<\/b> Seuls les articles \u00e0 prix courant peuvent \u00eatre rembours\u00e9s. Les articles sold\u00e9s sont g\u00e9n\u00e9ralement consid\u00e9r\u00e9s comme des ventes finales (sauf disposition l\u00e9gale contraire).<\/p>\n<\/li>\n<li>\n<p data-path-to-node=\"11,2,0\"><b data-path-to-node=\"11,2,0\" data-index-in-node=\"0\">T\u00e9l\u00e9chargements num\u00e9riques :<\/b> Les produits digitaux ne sont pas remboursables une fois le lien de t\u00e9l\u00e9chargement envoy\u00e9 ou activ\u00e9.<\/p>\n<\/li>\n<\/ul>\n<h3 data-path-to-node=\"12\">3. Proc\u00e9dure de retour<\/h3>\n<p data-path-to-node=\"13\">Pour initier un retour, veuillez suivre ces \u00e9tapes :<\/p>\n<ol start=\"1\" data-path-to-node=\"14\">\n<li>\n<p data-path-to-node=\"14,0,0\">Contactez notre service client \u00e0 l&rsquo;adresse <b data-path-to-node=\"14,0,0\" data-index-in-node=\"43\">[Votre email]<\/b> en indiquant votre num\u00e9ro de commande.<\/p>\n<\/li>\n<li>\n<p data-path-to-node=\"14,1,0\">Apr\u00e8s confirmation de notre part, envoyez le colis \u00e0 l&rsquo;adresse suivante : <b data-path-to-node=\"14,1,0\" data-index-in-node=\"74\">[Votre adresse postale]<\/b>.<\/p>\n<\/li>\n<li>\n<p data-path-to-node=\"14,2,0\"><b data-path-to-node=\"14,2,0\" data-index-in-node=\"0\">Frais d&rsquo;exp\u00e9dition :<\/b> Les frais de retour sont \u00e0 votre charge, sauf si le produit est d\u00e9fectueux ou s&rsquo;il s&rsquo;agit d&rsquo;une erreur de notre part. Nous vous recommandons d&rsquo;utiliser un service de livraison avec suivi.<\/p>\n<\/li>\n<\/ol>\n<h3 data-path-to-node=\"15\">4. Remboursements<\/h3>\n<p data-path-to-node=\"16\">Une fois votre retour re\u00e7u et inspect\u00e9 :<\/p>\n<ul data-path-to-node=\"17\">\n<li>\n<p data-path-to-node=\"17,0,0\">Nous vous enverrons un e-mail pour vous confirmer la r\u00e9ception de l&rsquo;article.<\/p>\n<\/li>\n<li>\n<p data-path-to-node=\"17,1,0\">Nous vous informerons de l&rsquo;approbation ou du rejet de votre remboursement.<\/p>\n<\/li>\n<li>\n<p data-path-to-node=\"17,2,0\">Si la demande est approuv\u00e9e, le remboursement sera trait\u00e9 et un cr\u00e9dit sera automatiquement appliqu\u00e9 \u00e0 votre carte de cr\u00e9dit ou \u00e0 votre m\u00e9thode de paiement initiale dans un d\u00e9lai de <b data-path-to-node=\"17,2,0\" data-index-in-node=\"182\">[X] jours ouvrables<\/b>.<\/p>\n<\/li>\n<\/ul>\n<h3 data-path-to-node=\"18\">5. \u00c9changes (le cas \u00e9ch\u00e9ant)<\/h3>\n<p data-path-to-node=\"19\">Nous ne rempla\u00e7ons les articles que s&rsquo;ils sont d\u00e9fectueux ou endommag\u00e9s lors de la r\u00e9ception. Si vous devez l&rsquo;\u00e9changer contre le m\u00eame article, envoyez-nous un e-mail \u00e0 <b data-path-to-node=\"19\" data-index-in-node=\"168\">[Votre email]<\/b>.<\/p>\n<h3 data-path-to-node=\"20\">6. Articles endommag\u00e9s lors du transport<\/h3>\n<p data-path-to-node=\"21\">Si vous recevez un colis endommag\u00e9, veuillez prendre des photos de l&#8217;emballage et de l&rsquo;article avant de nous contacter. Cela nous permettra d&rsquo;ouvrir une r\u00e9clamation aupr\u00e8s du transporteur.<\/p>\n\t\t\t\t\t\t\t\t<\/div>\n\t\t\t\t\t<\/div>\n\t\t\t\t<\/div>\n\t\t\t\t<\/div>\n\t\t","protected":false},"excerpt":{"rendered":"<p>Politique en mati\u00e8re de remboursements et de retours Derni\u00e8re mise \u00e0 jour : 16\/04\/2026 Chez leila-design.com, nous souhaitons que vous soyez enti\u00e8rement satisfait de vos achats. Si ce n&rsquo;est pas le cas, nous sommes l\u00e0 pour vous aider \u00e0 r\u00e9soudre le probl\u00e8me. 1. Retours (Droit de r\u00e9tractation) Conform\u00e9ment \u00e0 la l\u00e9gislation en vigueur, vous disposez [&hellip;]<\/p>\n","protected":false},"author":1,"featured_media":0,"parent":0,"menu_order":0,"comment_status":"closed","ping_status":"closed","template":"","meta":{"footnotes":""},"class_list":["post-19","page","type-page","status-publish","hentry"],"_links":{"self":[{"href":"https:\/\/leila-design.com\/en\/wp-json\/wp\/v2\/pages\/19","targetHints":{"allow":["GET"]}}],"collection":[{"href":"https:\/\/leila-design.com\/en\/wp-json\/wp\/v2\/pages"}],"about":[{"href":"https:\/\/leila-design.com\/en\/wp-json\/wp\/v2\/types\/page"}],"author":[{"embeddable":true,"href":"https:\/\/leila-design.com\/en\/wp-json\/wp\/v2\/users\/1"}],"replies":[{"embeddable":true,"href":"https:\/\/leila-design.com\/en\/wp-json\/wp\/v2\/comments?post=19"}],"version-history":[{"count":6,"href":"https:\/\/leila-design.com\/en\/wp-json\/wp\/v2\/pages\/19\/revisions"}],"predecessor-version":[{"id":6602,"href":"https:\/\/leila-design.com\/en\/wp-json\/wp\/v2\/pages\/19\/revisions\/6602"}],"wp:attachment":[{"href":"https:\/\/leila-design.com\/en\/wp-json\/wp\/v2\/media?parent=19"}],"curies":[{"name":"wp","href":"https:\/\/api.w.org\/{rel}","templated":true}]}}