{"id":6551,"date":"2026-04-16T06:28:23","date_gmt":"2026-04-16T06:28:23","guid":{"rendered":"https:\/\/leila-design.com\/?page_id=6551"},"modified":"2026-04-23T08:51:45","modified_gmt":"2026-04-23T08:51:45","slug":"mentions-legales","status":"publish","type":"page","link":"https:\/\/leila-design.com\/en\/mentions-legales\/","title":{"rendered":"Terms of use"},"content":{"rendered":"\t\t<div data-elementor-type=\"wp-page\" data-elementor-id=\"6551\" class=\"elementor elementor-6551\" data-elementor-post-type=\"page\">\n\t\t\t\t<div class=\"elementor-element elementor-element-ab5a44b e-flex e-con-boxed e-con e-parent\" data-id=\"ab5a44b\" data-element_type=\"container\" data-e-type=\"container\" data-settings=\"{&quot;jet_parallax_layout_list&quot;:[]}\">\n\t\t\t\t\t<div class=\"e-con-inner\">\n\t\t\t\t<div class=\"elementor-element elementor-element-bc8407b elementor-widget elementor-widget-heading\" data-id=\"bc8407b\" data-element_type=\"widget\" data-e-type=\"widget\" data-widget_type=\"heading.default\">\n\t\t\t\t\t<h2 class=\"elementor-heading-title elementor-size-default\">Mentions L\u00e9gales<\/h2>\t\t\t\t<\/div>\n\t\t\t\t<div class=\"elementor-element elementor-element-7cbb851 elementor-widget elementor-widget-text-editor\" data-id=\"7cbb851\" data-element_type=\"widget\" data-e-type=\"widget\" data-widget_type=\"text-editor.default\">\n\t\t\t\t\t\t\t\t\t<h2><span style=\"font-family: Roboto, sans-serif; font-size: 16px; font-weight: 400;\">Derni\u00e8re mise \u00e0 jour le : <\/span><span style=\"font-family: Roboto, sans-serif; font-size: 16px; font-weight: 400;\">23.04.2026<\/span><\/h2>\n<p><span style=\"font-weight: 400;\">Le site accessible \u00e0 l\u2019adresse <\/span><a href=\"http:\/\/www.leila-design.com\"><span style=\"font-weight: 400;\">www.leila-design.com<\/span><\/a><span style=\"font-weight: 400;\"> (ci-apr\u00e8s le \u00ab Site \u00bb) est la propri\u00e9t\u00e9 de Le\u00efla Dadgostar (ci-apr\u00e8s d\u00e9sign\u00e9e la \u00ab Responsable du Site \u00bb).<\/span><\/p>\n<h3><span style=\"font-weight: 400;\">Responsable et \u00e9diteur du Site :<\/span><\/h3>\n<ul>\n<li>Le\u00efla Dadgostar<\/li>\n<li>Si\u00e8ge social : Chemin des Bosquets-de-Paudille 18, 1803 Chardonne, SUISSE<\/li>\n<li><strong>Registre du commerce :<\/strong> CH-550.0.053.425-6<\/li>\n<li><strong>IDE :<\/strong> CHE-106.823.242<\/li>\n<\/ul>\n<p><!-- notionvc: c12f47c8-68b6-4fc9-a4a0-07d9010d16f4 --><\/p>\n<h3><span style=\"font-weight: 400;\">Directrice de la publication :<\/span><\/h3>\n<ul>\n<li><span style=\"font-weight: 400;\">Le\u00efla Dadgostar<\/span><\/li>\n<li><span style=\"font-weight: 400;\">Email : <\/span><a href=\"mailto:info@leila-design.com\"><span style=\"font-weight: 400;\">info@leila-design.com<\/span><\/a><\/li>\n<\/ul>\n<h3><span style=\"font-weight: 400;\">H\u00e9bergeur du Site :<\/span><\/h3>\n<ul>\n<li><strong>Nom :<\/strong> Hostinger International Ltd.<\/li>\n<li><strong>Si\u00e8ge social :<\/strong> 61 Lordou Vironos Street, 6023 Larnaca, Chypre<\/li>\n<li><strong>Contact :<\/strong> <a href=\"mailto:support@hostinger.com\">support@hostinger.com<\/a><\/li>\n<\/ul>\n<h3 class=\"text-text-100 mt-3 -mb-1 text-[1.125rem] font-bold\">Propri\u00e9t\u00e9 intellectuelle<\/h3>\n<p class=\"font-claude-response-body break-words whitespace-normal leading-[1.7]\">L&rsquo;ensemble des \u00e9l\u00e9ments du Site (textes, images, photographies, logos, graphismes, visuels produits, mise en page) sont prot\u00e9g\u00e9s par le droit d&rsquo;auteur et restent la propri\u00e9t\u00e9 exclusive de Le\u00efla Dadgostar ou de ses partenaires. Toute reproduction, repr\u00e9sentation, modification ou exploitation, totale ou partielle, sans autorisation \u00e9crite pr\u00e9alable est interdite et constitue une contrefa\u00e7on.<\/p>\n<h3 class=\"text-text-100 mt-3 -mb-1 text-[1.125rem] font-bold\">Limitation de responsabilit\u00e9<\/h3>\n<p class=\"font-claude-response-body break-words whitespace-normal leading-[1.7]\">La Responsable du Site s&rsquo;efforce de fournir des informations exactes et \u00e0 jour. Elle ne saurait toutefois \u00eatre tenue responsable des erreurs, omissions, ou de l&rsquo;indisponibilit\u00e9 temporaire du Site. L&rsquo;utilisateur est seul responsable de l&rsquo;utilisation qu&rsquo;il fait des informations mises \u00e0 disposition.<\/p>\n<h3 class=\"text-text-100 mt-3 -mb-1 text-[1.125rem] font-bold\">Protection des donn\u00e9es personnelles<\/h3>\n<p class=\"font-claude-response-body break-words whitespace-normal leading-[1.7]\">Le traitement des donn\u00e9es personnelles collect\u00e9es sur le Site est d\u00e9taill\u00e9 dans notre Politique de Confidentialit\u00e9 et notre Politique de Cookies.<\/p>\n<h3 class=\"text-text-100 mt-3 -mb-1 text-[1.125rem] font-bold\">Modification des mentions l\u00e9gales<\/h3>\n<p class=\"font-claude-response-body break-words whitespace-normal leading-[1.7]\">Le Site peut \u00eatre mis \u00e0 jour, modifi\u00e9 ou compl\u00e9t\u00e9 par la Responsable du Site \u00e0 tout moment, sans pr\u00e9avis. Ces modifications sont en vigueur d\u00e8s leur mise en ligne et sont r\u00e9put\u00e9es accept\u00e9es sans r\u00e9serve pour toute visite du site apr\u00e8s leur mise en ligne. Il est recommand\u00e9 \u00e0 l&rsquo;utilisateur de consulter r\u00e9guli\u00e8rement les mentions l\u00e9gales.<\/p>\n<h3 class=\"text-text-100 mt-3 -mb-1 text-[1.125rem] font-bold\">Droit applicable et juridiction<\/h3>\n<p class=\"font-claude-response-body break-words whitespace-normal leading-[1.7]\">Les pr\u00e9sentes mentions l\u00e9gales sont soumises au droit suisse. Tout litige relatif au Site rel\u00e8ve de la comp\u00e9tence exclusive des tribunaux du canton de Vaud, sous r\u00e9serve des dispositions imp\u00e9ratives de protection des consommateurs.<\/p>\n<p><span style=\"font-weight: 400;\">Le Site peut \u00eatre mis \u00e0 jour, modifi\u00e9 ou compl\u00e9t\u00e9 par la Responsable du Site \u00e0 tout moment, sans pr\u00e9avis. Ces modifications sont en vigueur d\u00e8s leur mise en ligne et sont r\u00e9put\u00e9es accept\u00e9es sans r\u00e9serve pour toute visite du site apr\u00e8s leur mise en ligne. Il est recommand\u00e9 \u00e0 l\u2019utilisateur de consulter r\u00e9guli\u00e8rement les mentions l\u00e9gales.<\/span><\/p>\t\t\t\t\t\t\t\t<\/div>\n\t\t\t\t\t<\/div>\n\t\t\t\t<\/div>\n\t\t\t\t<\/div>\n\t\t","protected":false},"excerpt":{"rendered":"<p>Mentions L\u00e9gales Derni\u00e8re mise \u00e0 jour le : 23.04.2026 Le site accessible \u00e0 l\u2019adresse www.leila-design.com (ci-apr\u00e8s le \u00ab Site \u00bb) est la propri\u00e9t\u00e9 de Le\u00efla Dadgostar (ci-apr\u00e8s d\u00e9sign\u00e9e la \u00ab Responsable du Site \u00bb). Responsable et \u00e9diteur du Site : Le\u00efla Dadgostar Si\u00e8ge social : Chemin des Bosquets-de-Paudille 18, 1803 Chardonne, SUISSE Registre du commerce [&hellip;]<\/p>\n","protected":false},"author":1,"featured_media":0,"parent":0,"menu_order":0,"comment_status":"closed","ping_status":"closed","template":"","meta":{"footnotes":""},"class_list":["post-6551","page","type-page","status-publish","hentry"],"_links":{"self":[{"href":"https:\/\/leila-design.com\/en\/wp-json\/wp\/v2\/pages\/6551","targetHints":{"allow":["GET"]}}],"collection":[{"href":"https:\/\/leila-design.com\/en\/wp-json\/wp\/v2\/pages"}],"about":[{"href":"https:\/\/leila-design.com\/en\/wp-json\/wp\/v2\/types\/page"}],"author":[{"embeddable":true,"href":"https:\/\/leila-design.com\/en\/wp-json\/wp\/v2\/users\/1"}],"replies":[{"embeddable":true,"href":"https:\/\/leila-design.com\/en\/wp-json\/wp\/v2\/comments?post=6551"}],"version-history":[{"count":22,"href":"https:\/\/leila-design.com\/en\/wp-json\/wp\/v2\/pages\/6551\/revisions"}],"predecessor-version":[{"id":6656,"href":"https:\/\/leila-design.com\/en\/wp-json\/wp\/v2\/pages\/6551\/revisions\/6656"}],"wp:attachment":[{"href":"https:\/\/leila-design.com\/en\/wp-json\/wp\/v2\/media?parent=6551"}],"curies":[{"name":"wp","href":"https:\/\/api.w.org\/{rel}","templated":true}]}}