{"id":659,"date":"2026-03-11T06:56:02","date_gmt":"2026-03-11T06:56:02","guid":{"rendered":"https:\/\/dadgostar.geekworkers.dev\/?page_id=659"},"modified":"2026-05-12T09:44:23","modified_gmt":"2026-05-12T09:44:23","slug":"notre-histoire","status":"publish","type":"page","link":"https:\/\/leila-design.com\/en\/notre-histoire\/","title":{"rendered":"Our history"},"content":{"rendered":"\t\t<div data-elementor-type=\"wp-page\" data-elementor-id=\"659\" class=\"elementor elementor-659\" data-elementor-post-type=\"page\">\n\t\t\t\t<div class=\"elementor-element elementor-element-372ce4d e-flex e-con-boxed e-con e-parent\" data-id=\"372ce4d\" data-element_type=\"container\" data-e-type=\"container\" data-settings=\"{&quot;background_background&quot;:&quot;classic&quot;,&quot;jet_parallax_layout_list&quot;:[]}\">\n\t\t\t\t\t<div class=\"e-con-inner\">\n\t\t<div class=\"elementor-element elementor-element-5c664e4 e-con-full e-flex e-con e-child\" data-id=\"5c664e4\" data-element_type=\"container\" data-e-type=\"container\" data-settings=\"{&quot;jet_parallax_layout_list&quot;:[]}\">\n\t\t\t\t<div class=\"elementor-element elementor-element-1f0d378 elementor-widget elementor-widget-heading\" data-id=\"1f0d378\" data-element_type=\"widget\" data-e-type=\"widget\" data-widget_type=\"heading.default\">\n\t\t\t\t\t<h1 class=\"elementor-heading-title elementor-size-default\">Plus qu\u2019un v\u00eatement<\/h1>\t\t\t\t<\/div>\n\t\t\t\t<div class=\"elementor-element elementor-element-3a0e36a elementor-widget__width-initial elementor-widget elementor-widget-heading\" data-id=\"3a0e36a\" data-element_type=\"widget\" data-e-type=\"widget\" data-widget_type=\"heading.default\">\n\t\t\t\t\t<h3 class=\"elementor-heading-title elementor-size-default\">Le\u00efla fait  n\u00e9e d\u2019un cri : celui du peuple iranien pour sa libert\u00e9. Nous transformons ce combat en art \u00e0 porter.<\/h3>\t\t\t\t<\/div>\n\t\t\t\t<\/div>\n\t\t\t\t\t<\/div>\n\t\t\t\t<\/div>\n\t\t<div class=\"elementor-element elementor-element-783490a e-flex e-con-boxed e-con e-parent\" data-id=\"783490a\" data-element_type=\"container\" data-e-type=\"container\" data-settings=\"{&quot;jet_parallax_layout_list&quot;:[]}\">\n\t\t\t\t\t<div class=\"e-con-inner\">\n\t\t<div class=\"elementor-element elementor-element-834dca8 e-con-full e-flex e-con e-child\" data-id=\"834dca8\" data-element_type=\"container\" data-e-type=\"container\" data-settings=\"{&quot;background_background&quot;:&quot;classic&quot;,&quot;jet_parallax_layout_list&quot;:[]}\">\n\t\t\t\t<\/div>\n\t\t<div class=\"elementor-element elementor-element-d934cf7 e-con-full e-flex e-con e-child\" data-id=\"d934cf7\" data-element_type=\"container\" data-e-type=\"container\" data-settings=\"{&quot;jet_parallax_layout_list&quot;:[]}\">\n\t\t\t\t<div class=\"elementor-element elementor-element-7adf040 elementor-widget elementor-widget-image\" data-id=\"7adf040\" data-element_type=\"widget\" data-e-type=\"widget\" data-widget_type=\"image.default\">\n\t\t\t\t\t\t\t\t\t\t\t\t\t\t\t<img fetchpriority=\"high\" decoding=\"async\" width=\"556\" height=\"973\" src=\"https:\/\/leila-design.com\/wp-content\/uploads\/2026\/05\/E_Recto-1.jpg\" class=\"attachment-large size-large wp-image-6746 wvs-archive-product-image\" alt=\"\" srcset=\"https:\/\/leila-design.com\/wp-content\/uploads\/2026\/05\/E_Recto-1.jpg 556w, https:\/\/leila-design.com\/wp-content\/uploads\/2026\/05\/E_Recto-1-171x300.jpg 171w, https:\/\/leila-design.com\/wp-content\/uploads\/2026\/05\/E_Recto-1-7x12.jpg 7w\" sizes=\"(max-width: 556px) 100vw, 556px\" \/>\t\t\t\t\t\t\t\t\t\t\t\t\t\t\t<\/div>\n\t\t<div class=\"elementor-element elementor-element-e2893c7 e-con-full e-flex e-con e-child\" data-id=\"e2893c7\" data-element_type=\"container\" data-e-type=\"container\" data-settings=\"{&quot;background_background&quot;:&quot;classic&quot;,&quot;jet_parallax_layout_list&quot;:[]}\">\n\t\t\t\t<div class=\"elementor-element elementor-element-8897aaf elementor-widget elementor-widget-heading\" data-id=\"8897aaf\" data-element_type=\"widget\" data-e-type=\"widget\" data-widget_type=\"heading.default\">\n\t\t\t\t\t<h2 class=\"elementor-heading-title elementor-size-default\">N\u00e9e dans la rue, port\u00e9e par l'espoir<\/h2>\t\t\t\t<\/div>\n\t\t\t\t<div class=\"elementor-element elementor-element-220976f elementor-widget elementor-widget-text-editor\" data-id=\"220976f\" data-element_type=\"widget\" data-e-type=\"widget\" data-widget_type=\"text-editor.default\">\n\t\t\t\t\t\t\t\t\t<p>Chaque cr\u00e9ation est un \u00e9cho aux voix qu\u2019on tente d\u2019\u00e9touffer. Porter une pi\u00e8ce Le\u00efla, c\u2019est refuser le silence et afficher sa solidarit\u00e9 avec celles et ceux qui luttent pour leurs droits fondamentaux.<\/p>\t\t\t\t\t\t\t\t<\/div>\n\t\t\t\t<\/div>\n\t\t\t\t<\/div>\n\t\t\t\t\t<\/div>\n\t\t\t\t<\/div>\n\t\t<div class=\"elementor-element elementor-element-01b8e67 e-flex e-con-boxed e-con e-parent\" data-id=\"01b8e67\" data-element_type=\"container\" data-e-type=\"container\" data-settings=\"{&quot;background_background&quot;:&quot;classic&quot;,&quot;jet_parallax_layout_list&quot;:[]}\">\n\t\t\t\t\t<div class=\"e-con-inner\">\n\t\t<div class=\"elementor-element elementor-element-37d39ef e-con-full e-flex e-con e-child\" data-id=\"37d39ef\" data-element_type=\"container\" data-e-type=\"container\" data-settings=\"{&quot;jet_parallax_layout_list&quot;:[],&quot;background_background&quot;:&quot;classic&quot;}\">\n\t\t<div class=\"elementor-element elementor-element-f4bdfda e-con-full e-flex e-con e-child\" data-id=\"f4bdfda\" data-element_type=\"container\" data-e-type=\"container\" data-settings=\"{&quot;background_background&quot;:&quot;classic&quot;,&quot;jet_parallax_layout_list&quot;:[]}\">\n\t\t\t\t<div class=\"elementor-element elementor-element-54a8efb elementor-widget elementor-widget-heading\" data-id=\"54a8efb\" data-element_type=\"widget\" data-e-type=\"widget\" data-widget_type=\"heading.default\">\n\t\t\t\t\t<h2 class=\"elementor-heading-title elementor-size-default\">L\u2019unit\u00e9 au-del\u00e0 des fronti\u00e8res<\/h2>\t\t\t\t<\/div>\n\t\t\t\t<div class=\"elementor-element elementor-element-16212fe elementor-widget elementor-widget-text-editor\" data-id=\"16212fe\" data-element_type=\"widget\" data-e-type=\"widget\" data-widget_type=\"text-editor.default\">\n\t\t\t\t\t\t\t\t\t<p>L&rsquo;\u00e9galit\u00e9 commence par un geste simple : se tenir la main. Nous croyons en un monde o\u00f9 la diversit\u00e9 est une richesse et la libert\u00e9, un droit universel.<\/p>\t\t\t\t\t\t\t\t<\/div>\n\t\t\t\t<\/div>\n\t\t\t\t<div class=\"elementor-element elementor-element-fe37a6f elementor-widget elementor-widget-image\" data-id=\"fe37a6f\" data-element_type=\"widget\" data-e-type=\"widget\" data-widget_type=\"image.default\">\n\t\t\t\t\t\t\t\t\t\t\t\t\t\t\t<img decoding=\"async\" width=\"461\" height=\"1024\" src=\"https:\/\/leila-design.com\/wp-content\/uploads\/2026\/03\/4a5316f46d1f1b9b8900817ee519a39d84bfd69b-461x1024.jpg\" class=\"attachment-large size-large wp-image-668 wvs-archive-product-image\" alt=\"\" srcset=\"https:\/\/leila-design.com\/wp-content\/uploads\/2026\/03\/4a5316f46d1f1b9b8900817ee519a39d84bfd69b-461x1024.jpg 461w, https:\/\/leila-design.com\/wp-content\/uploads\/2026\/03\/4a5316f46d1f1b9b8900817ee519a39d84bfd69b-600x1333.jpg 600w, https:\/\/leila-design.com\/wp-content\/uploads\/2026\/03\/4a5316f46d1f1b9b8900817ee519a39d84bfd69b-135x300.jpg 135w, https:\/\/leila-design.com\/wp-content\/uploads\/2026\/03\/4a5316f46d1f1b9b8900817ee519a39d84bfd69b-768x1707.jpg 768w, https:\/\/leila-design.com\/wp-content\/uploads\/2026\/03\/4a5316f46d1f1b9b8900817ee519a39d84bfd69b-691x1536.jpg 691w, https:\/\/leila-design.com\/wp-content\/uploads\/2026\/03\/4a5316f46d1f1b9b8900817ee519a39d84bfd69b-922x2048.jpg 922w, https:\/\/leila-design.com\/wp-content\/uploads\/2026\/03\/4a5316f46d1f1b9b8900817ee519a39d84bfd69b.jpg 1080w\" sizes=\"(max-width: 461px) 100vw, 461px\" \/>\t\t\t\t\t\t\t\t\t\t\t\t\t\t\t<\/div>\n\t\t\t\t<\/div>\n\t\t<div class=\"elementor-element elementor-element-d0a111f e-con-full e-flex e-con e-child\" data-id=\"d0a111f\" data-element_type=\"container\" data-e-type=\"container\" data-settings=\"{&quot;background_background&quot;:&quot;classic&quot;,&quot;jet_parallax_layout_list&quot;:[]}\">\n\t\t\t\t<\/div>\n\t\t\t\t\t<\/div>\n\t\t\t\t<\/div>\n\t\t<div class=\"elementor-element elementor-element-b022170 e-flex e-con-boxed e-con e-parent\" data-id=\"b022170\" data-element_type=\"container\" data-e-type=\"container\" data-settings=\"{&quot;jet_parallax_layout_list&quot;:[]}\">\n\t\t\t\t\t<div class=\"e-con-inner\">\n\t\t\t\t<div class=\"elementor-element elementor-element-fdc35cf elementor-widget elementor-widget-heading\" data-id=\"fdc35cf\" data-element_type=\"widget\" data-e-type=\"widget\" data-widget_type=\"heading.default\">\n\t\t\t\t\t<h2 class=\"elementor-heading-title elementor-size-default\">La Preuve par l'Action<\/h2>\t\t\t\t<\/div>\n\t\t<div class=\"elementor-element elementor-element-4bc597f e-grid e-con-full e-con e-child\" data-id=\"4bc597f\" data-element_type=\"container\" data-e-type=\"container\" data-settings=\"{&quot;jet_parallax_layout_list&quot;:[]}\">\n\t\t<div class=\"elementor-element elementor-element-16311ec e-con-full e-flex e-con e-child\" data-id=\"16311ec\" data-element_type=\"container\" data-e-type=\"container\" data-settings=\"{&quot;background_background&quot;:&quot;classic&quot;,&quot;jet_parallax_layout_list&quot;:[]}\">\n\t\t\t\t<div class=\"elementor-element elementor-element-2551087 elementor-widget elementor-widget-heading\" data-id=\"2551087\" data-element_type=\"widget\" data-e-type=\"widget\" data-widget_type=\"heading.default\">\n\t\t\t\t\t<h3 class=\"elementor-heading-title elementor-size-default\">Solidarit\u00e9 R\u00e9elle<\/h3>\t\t\t\t<\/div>\n\t\t\t\t<div class=\"elementor-element elementor-element-13bf1ae elementor-widget elementor-widget-text-editor\" data-id=\"13bf1ae\" data-element_type=\"widget\" data-e-type=\"widget\" data-widget_type=\"text-editor.default\">\n\t\t\t\t\t\t\t\t\t<p><strong>10% de chaque achat<\/strong> est revers\u00e9 \u00e0 [Nom de l&rsquo;association] pour soutenir les droits humains en Iran.<\/p>\t\t\t\t\t\t\t\t<\/div>\n\t\t\t\t<\/div>\n\t\t<div class=\"elementor-element elementor-element-49425a8 e-con-full e-flex e-con e-child\" data-id=\"49425a8\" data-element_type=\"container\" data-e-type=\"container\" data-settings=\"{&quot;background_background&quot;:&quot;classic&quot;,&quot;jet_parallax_layout_list&quot;:[]}\">\n\t\t\t\t<div class=\"elementor-element elementor-element-1230b20 elementor-widget elementor-widget-heading\" data-id=\"1230b20\" data-element_type=\"widget\" data-e-type=\"widget\" data-widget_type=\"heading.default\">\n\t\t\t\t\t<h3 class=\"elementor-heading-title elementor-size-default\">\u00c9thique Durable<\/h3>\t\t\t\t<\/div>\n\t\t\t\t<div class=\"elementor-element elementor-element-e1fdb24 elementor-widget elementor-widget-text-editor\" data-id=\"e1fdb24\" data-element_type=\"widget\" data-e-type=\"widget\" data-widget_type=\"text-editor.default\">\n\t\t\t\t\t\t\t\t\t<p>Coton 100% biologique certifi\u00e9. Parce qu&rsquo;on ne respecte pas l&rsquo;humain sans respecter la terre.<\/p>\t\t\t\t\t\t\t\t<\/div>\n\t\t\t\t<\/div>\n\t\t\t\t<\/div>\n\t\t\t\t\t<\/div>\n\t\t\t\t<\/div>\n\t\t<div class=\"elementor-element elementor-element-fcf44a9 e-flex e-con-boxed e-con e-parent\" data-id=\"fcf44a9\" data-element_type=\"container\" data-e-type=\"container\" data-settings=\"{&quot;background_background&quot;:&quot;classic&quot;,&quot;jet_parallax_layout_list&quot;:[]}\">\n\t\t\t\t\t<div class=\"e-con-inner\">\n\t\t\t\t<div class=\"elementor-element elementor-element-ea14d6b elementor-widget elementor-widget-heading\" data-id=\"ea14d6b\" data-element_type=\"widget\" data-e-type=\"widget\" data-widget_type=\"heading.default\">\n\t\t\t\t\t<h2 class=\"elementor-heading-title elementor-size-default\"> Pr\u00eat(e) \u00e0 porter le message ?<\/h2>\t\t\t\t<\/div>\n\t\t\t\t<div class=\"elementor-element elementor-element-7657ddf elementor-widget elementor-widget-button\" data-id=\"7657ddf\" data-element_type=\"widget\" data-e-type=\"widget\" data-widget_type=\"button.default\">\n\t\t\t\t\t\t\t\t\t\t<a class=\"elementor-button elementor-button-link elementor-size-sm\" href=\"https:\/\/leila-design.com\/en\/shop\/\">\n\t\t\t\t\t\t<span class=\"elementor-button-content-wrapper\">\n\t\t\t\t\t\t\t\t\t<span class=\"elementor-button-text\">D\u00e9couvrir la collection<\/span>\n\t\t\t\t\t<\/span>\n\t\t\t\t\t<\/a>\n\t\t\t\t\t\t\t\t<\/div>\n\t\t\t\t\t<\/div>\n\t\t\t\t<\/div>\n\t\t\t\t<\/div>\n\t\t","protected":false},"excerpt":{"rendered":"<p>Plus qu\u2019un v\u00eatement Le\u00efla fait n\u00e9e d\u2019un cri : celui du peuple iranien pour sa libert\u00e9. Nous transformons ce combat en art \u00e0 porter. N\u00e9e dans la rue, port\u00e9e par l&rsquo;espoir Chaque cr\u00e9ation est un \u00e9cho aux voix qu\u2019on tente d\u2019\u00e9touffer. Porter une pi\u00e8ce Le\u00efla, c\u2019est refuser le silence et afficher sa solidarit\u00e9 avec celles [&hellip;]<\/p>\n","protected":false},"author":1,"featured_media":0,"parent":0,"menu_order":0,"comment_status":"closed","ping_status":"closed","template":"","meta":{"footnotes":""},"class_list":["post-659","page","type-page","status-publish","hentry"],"_links":{"self":[{"href":"https:\/\/leila-design.com\/en\/wp-json\/wp\/v2\/pages\/659","targetHints":{"allow":["GET"]}}],"collection":[{"href":"https:\/\/leila-design.com\/en\/wp-json\/wp\/v2\/pages"}],"about":[{"href":"https:\/\/leila-design.com\/en\/wp-json\/wp\/v2\/types\/page"}],"author":[{"embeddable":true,"href":"https:\/\/leila-design.com\/en\/wp-json\/wp\/v2\/users\/1"}],"replies":[{"embeddable":true,"href":"https:\/\/leila-design.com\/en\/wp-json\/wp\/v2\/comments?post=659"}],"version-history":[{"count":43,"href":"https:\/\/leila-design.com\/en\/wp-json\/wp\/v2\/pages\/659\/revisions"}],"predecessor-version":[{"id":6840,"href":"https:\/\/leila-design.com\/en\/wp-json\/wp\/v2\/pages\/659\/revisions\/6840"}],"wp:attachment":[{"href":"https:\/\/leila-design.com\/en\/wp-json\/wp\/v2\/media?parent=659"}],"curies":[{"name":"wp","href":"https:\/\/api.w.org\/{rel}","templated":true}]}}